{"id":3702,"date":"2021-05-04T16:06:39","date_gmt":"2021-05-04T14:06:39","guid":{"rendered":"https:\/\/voma.io\/?page_id=3702"},"modified":"2025-11-19T20:03:36","modified_gmt":"2025-11-19T19:03:36","slug":"legal-notice","status":"publish","type":"page","link":"https:\/\/voma.io\/en\/legal-notice\/","title":{"rendered":"Legal Notice"},"content":{"rendered":"<p>[et_pb_section fb_built=&#8221;1&#8243; custom_padding_last_edited=&#8221;on|tablet&#8221; _builder_version=&#8221;4.16&#8243; _module_preset=&#8221;default&#8221; custom_padding=&#8221;80px||80px||true|false&#8221; custom_padding_tablet=&#8221;40px||40px||true|false&#8221; custom_padding_phone=&#8221;&#8221; global_colors_info=&#8221;{}&#8221;][et_pb_row custom_padding_last_edited=&#8221;on|tablet&#8221; _builder_version=&#8221;4.16&#8243; _module_preset=&#8221;default&#8221; custom_padding=&#8221;0px|24px|0px|24px|true|true&#8221; custom_padding_tablet=&#8221;|0px||0px|true|true&#8221; custom_padding_phone=&#8221;&#8221; global_colors_info=&#8221;{}&#8221;][et_pb_column type=&#8221;4_4&#8243; _builder_version=&#8221;4.16&#8243; _module_preset=&#8221;default&#8221; global_colors_info=&#8221;{}&#8221;][et_pb_text module_class=&#8221;datenshutz-text-module&#8221; _builder_version=&#8221;4.16&#8243; _module_preset=&#8221;default&#8221; global_colors_info=&#8221;{}&#8221;]<\/p>\n<h1 class=\"H2Dark\">Legal Notice<\/h1>\n<p class=\"adsimple-123081356\">\n<p class=\"adsimple-123081356\">Information about the service provider.<\/p>\n<p><strong>VOMA GmbH<\/strong><\/p>\n<p class=\"adsimple-123081356\">Jahnplatz 1,<br \/>6800 Feldkirch,<br \/>\u00d6sterreich<\/p>\n<p><strong>Phone number:<\/strong><span> +43 <\/span>5522 22820-0<br \/><strong>Email:<\/strong><span>\u00a0<\/span><a href=\"mailto:office@voma.io\">office@voma.io<\/a><\/p>\n<p><strong>Commercial register number:<\/strong><span>\u00a0<\/span>FN 419541y<br \/><strong>Commercial Register Court:<\/strong><span> Regional Court <\/span>Feldkirch<br \/><strong>Registered office:<\/strong><span>\u00a0<\/span>Feldkirch<br \/><strong>Business purpose:<\/strong><span>\u00a0<\/span>Business Consulting<br \/><strong>VAT number:<\/strong><span>\u00a0<\/span>ATU68870368<br \/><strong>GISA (Business Information System Austria):<\/strong><span>\u00a0<\/span>23169333<br \/><strong>Member of:<\/strong><span>\u00a0<\/span>WKO<br \/><strong>Professional law:<\/strong><span>\u00a0<\/span>Rechtsvorschrift f\u00fcr Unternehmensberatung<br \/>www.ris.bka.gv.at<\/p>\n<p><strong>Supervisory authority:<\/strong><br \/>Bezirkshauptmannschaft Feldkirch<br \/>Schlossgraben 1, 6800 Feldkirch<br \/>\u00d6sterreich<br \/><strong>Website:<\/strong><span>\u00a0<\/span><a href=\"https:\/\/vorarlberg.at\/-\/bhfk\" target=\"_blank\" rel=\"noopener\">https:\/\/vorarlberg.at\/-\/bhfk<\/a><\/p>\n<p><strong>Professional designation:<\/strong><span>\u00a0<\/span>Business Consulting<br \/><strong>Granting state:<\/strong><span>\u00a0<\/span>\u00d6sterreich<\/p>\n<p><strong>Chief Executive Officer:<\/strong><span>\u00a0<\/span>Michael Angerer<\/p>\n<p><strong>Data Protection Responsible<\/strong><br \/>Michael Angerer<br \/>Jahnplatz 1, 6800 Feldkirch<br \/>\u00d6sterreich<br \/><strong>Email:<\/strong><span>\u00a0<\/span><a href=\"mailto:office@voma.io\">office@voma.io<\/a><br \/><strong>Phone number:<\/strong><span> +43 <\/span>5522 22820-0<br \/><strong>Imprint:<\/strong><span>\u00a0<\/span><a href=\"https:\/\/www.voma.io\/impressum\" target=\"_blank\" rel=\"noopener\">https:\/\/www.voma.Io\/impressum<\/a><\/p>\n<p><strong>Other online presences<\/strong><\/p>\n<p><strong>This imprint also applies to<\/strong><br \/><a href=\"https:\/\/www.linkedin.com\/company\/voma-gmbh\" target=\"_blank\" rel=\"noopener\">https:\/\/www.linkedin.com\/company\/voma-gmbh<\/a><\/p>\n<p><strong>Contract Clauses and Place of Jurisdiction<\/strong><br \/>The law of the Republic of Austria applies, excluding the UN Convention on Contracts for the International Sale of Goods. The place of jurisdiction for all disputes arising from this contract is Feldkirch.<\/p>\n<p>All texts are copyrighted.<\/p>\n<p>[\/et_pb_text][\/et_pb_column][\/et_pb_row][\/et_pb_section]<\/p>\n","protected":false},"excerpt":{"rendered":"<p>Legal Notice Information about the service provider. VOMA GmbH Jahnplatz 1,6800 Feldkirch,\u00d6sterreich Phone number: +43 5522 22820-0Email:\u00a0office@voma.io Commercial register number:\u00a0FN 419541yCommercial Register Court: Regional Court FeldkirchRegistered office:\u00a0FeldkirchBusiness purpose:\u00a0Business ConsultingVAT number:\u00a0ATU68870368GISA (Business Information System Austria):\u00a023169333Member of:\u00a0WKOProfessional law:\u00a0Rechtsvorschrift f\u00fcr Unternehmensberatungwww.ris.bka.gv.at Supervisory authority:Bezirkshauptmannschaft FeldkirchSchlossgraben 1, 6800 Feldkirch\u00d6sterreichWebsite:\u00a0https:\/\/vorarlberg.at\/-\/bhfk Professional designation:\u00a0Business ConsultingGranting state:\u00a0\u00d6sterreich Chief Executive Officer:\u00a0Michael Angerer Data Protection ResponsibleMichael [&hellip;]<\/p>\n","protected":false},"author":1,"featured_media":0,"parent":0,"menu_order":0,"comment_status":"closed","ping_status":"closed","template":"","meta":{"_et_pb_use_builder":"on","_et_pb_old_content":"[et_pb_section fb_built=\"1\" custom_padding_last_edited=\"on|tablet\" _builder_version=\"4.9.3\" _module_preset=\"default\" custom_padding=\"80px||80px||true|false\" custom_padding_tablet=\"40px||40px||true|false\" custom_padding_phone=\"\"][et_pb_row custom_padding_last_edited=\"on|tablet\" _builder_version=\"4.9.3\" _module_preset=\"default\" custom_padding=\"0px|24px|0px|24px|true|true\" custom_padding_tablet=\"|0px||0px|true|true\" custom_padding_phone=\"\"][et_pb_column type=\"4_4\" _builder_version=\"4.9.3\" _module_preset=\"default\"][et_pb_text module_class=\"datenshutz-text-module\" _builder_version=\"4.9.3\" _module_preset=\"default\"]\n<h2 class=\"H2Dark\">Impressum<\/h2>\n<p class=\"p1\">Informationspflicht laut \u00a75 E-Commerce Gesetz, \u00a714 Unternehmensgesetzbuch, \u00a763 Gewerbeordnung und Offenlegungspflicht laut \u00a725 Mediengesetz.<\/p>\n<p class=\"p1\">VOMA GmbH\nJahnplatz 1\n6800 Feldkirch\n\u00d6sterreich<\/p>\n<p class=\"p1\"><b>Unternehmensgegenstand:<\/b> Unternehmensberatung\n<b>UID-Nummer:<\/b> ATU68870368\n<b>Firmenbuchnummer:<\/b> FN 419541y\n<b>Firmenbuchgericht:<\/b> Landesgericht Feldkirch\n<b>Firmensitz:<\/b> Feldkirch<\/p>\n<p class=\"p1\">Es gelten die AGB der VOMA GmbH.<\/p>\n<p class=\"p1\"><b>Tel.:<\/b> +43 5522 22820-0\n<b>E-Mail:<\/b> <a href=\"mailto:office@voma.io\"><span class=\"s1\">office@voma.io<\/span><\/a><\/p>\n<p class=\"p1\"><b>Mitglied bei:<\/b> Wirtschaftskammer Vorarlberg, Fachgruppe Unternehmensberatung, Buchhaltung und Informationstechnologie\n<b>Berufsrecht:<\/b> Gewerbeordnung: <a href=\"http:\/\/www.ris.bka.gv.at\"><span class=\"s2\">www.ris.bka.gv.at<\/span><\/a><\/p>\n<p class=\"p1\"><b>Aufsichtsbeh\u00f6rde\/Gewerbebeh\u00f6rde:<\/b> Bezirkshauptmannschaft Feldkirch<\/p>\n<b>Gesch\u00e4ftsf\u00fchrer<\/b>\nMichael Angerer\n<p class=\"p2\"><b>Konzept. Inhalt. Design.<\/b><\/p>\n<p class=\"p2\">VOMA GmbH,<span class=\"Apple-converted-space\">&nbsp;<\/span><\/p>\n<p class=\"p3\"><span class=\"s3\"><a href=\"http:\/\/www.voma.io\">www.voma.io<\/a><\/span><\/p>\n<p class=\"p4\"><\/p>\n<p class=\"p2\"><b>Programming.<\/b><\/p>\n<p class=\"p2\">Webulos OG,<span class=\"Apple-converted-space\">&nbsp;<\/span><\/p>\n<p class=\"p1\">www.webulos.com<\/p>\n<p class=\"p1\"><b>EU-Streitschlichtung<\/b><\/p>\n<p class=\"p1\">Gem\u00e4\u00df Verordnung \u00fcber Online-Streitbeilegung in Verbraucherangelegenheiten (ODR-Verordnung) m\u00f6chten wir Sie \u00fcber die Online-Streitbeilegungsplattform (OS-Plattform) informieren.\nVerbraucher haben die M\u00f6glichkeit, Beschwerden an die Online Streitbeilegungsplattform der Europ\u00e4ischen Kommission unter <a href=\"https:\/\/ec.europa.eu\/consumers\/odr\/main\/index.cfm?event=main.home2.show&amp;lng=DE\"><span class=\"s1\">http:\/\/ec.europa.eu\/odr?tid=121721601<\/span><\/a> zu richten. Die daf\u00fcr notwendigen Kontaktdaten finden Sie oberhalb in unserem Impressum.<\/p>\n<p class=\"p1\">Wir m\u00f6chten Sie jedoch darauf hinweisen, dass wir nicht bereit oder verpflichtet sind, an Streitbeilegungsverfahren vor einer Verbraucherschlichtungsstelle teilzunehmen.<\/p>\n<p class=\"p1\"><b>Haftung f\u00fcr Inhalte dieser Website<\/b><\/p>\n<p class=\"p1\">Wir entwickeln die Inhalte dieser Webseite st\u00e4ndig weiter und bem\u00fchen uns korrekte und aktuelle Informationen bereitzustellen. &nbsp;Leider k\u00f6nnen wir keine Haftung f\u00fcr die Korrektheit aller Inhalte auf dieser Website \u00fcbernehmen, speziell f\u00fcr jene, die seitens Dritter bereitgestellt wurden. Als Diensteanbieter sind wir nicht verpflichtet, die von ihnen \u00fcbermittelten oder gespeicherten Informationen zu \u00fcberwachen oder nach Umst\u00e4nden zu forschen, die auf eine rechtswidrige T\u00e4tigkeit hinweisen.<\/p>\n<p class=\"p1\">Unsere Verpflichtungen zur Entfernung von Informationen oder zur Sperrung der Nutzung von Informationen nach den allgemeinen Gesetzen aufgrund von gerichtlichen oder beh\u00f6rdlichen Anordnungen bleiben auch im Falle unserer Nichtverantwortlichkeit davon unber\u00fchrt.<\/p>\n<p class=\"p1\">Sollten Ihnen problematische oder rechtswidrige Inhalte auffallen, bitte wir Sie uns umgehend zu kontaktieren, damit wir die rechtswidrigen Inhalte entfernen k\u00f6nnen. Sie finden die Kontaktdaten im Impressum.<\/p>\n<p class=\"p1\"><b>Haftung f\u00fcr Links auf dieser Webseite<\/b><\/p>\n<p class=\"p1\">Unsere Webseite enth\u00e4lt Links zu anderen Webseiten f\u00fcr deren Inhalt wir nicht verantwortlich sind. Haftung f\u00fcr verlinkte Websites besteht f\u00fcr uns nicht, da wir keine Kenntnis rechtswidriger T\u00e4tigkeiten hatten und haben, uns solche Rechtswidrigkeiten auch bisher nicht aufgefallen sind und wir Links sofort entfernen w\u00fcrden, wenn uns Rechtswidrigkeiten bekannt werden.<\/p>\n<p class=\"p1\">Wenn Ihnen rechtswidrige Links auf unserer Website auffallen, bitte wir Sie uns zu kontaktieren. Sie finden die Kontaktdaten im Impressum.<\/p>\n<p class=\"p1\"><b>Urheberrechtshinweis<\/b><\/p>\n<p class=\"p1\">Alle Inhalte dieser Webseite (Bilder, Fotos, Texte, Videos) unterliegen dem Urheberrecht. Bitte fragen Sie uns bevor Sie die Inhalte dieser Website verbreiten, vervielf\u00e4ltigen oder verwerten wie zum Beispiel auf anderen Websites erneut ver\u00f6ffentlichen. Falls notwendig, werden wir die unerlaubte Nutzung von Teilen der Inhalte unserer Seite rechtlich verfolgen.<\/p>\n<p class=\"p1\">Sollten Sie auf dieser Webseite Inhalte finden, die das Urheberrecht verletzen, bitten wir Sie uns zu kontaktieren.<\/p>\n<p class=\"p1\"><b>Bildernachweis<\/b><\/p>\n<p class=\"p1\">Die Bilder, Filme und Illustrationen auf dieser Webseite sind urheberrechtlich gesch\u00fctzt. Die Bildrechte liegen bei den folgenden Fotografen und Unternehmen:<\/p>\n<p class=\"p2\">Alexander Au Yeong. www.alexanderauyeong.com<\/p>\n<p class=\"p2\">iStockphoto LP. www.istockphoto.com<\/p>\n<p class=\"p5\"><\/p>\n<p class=\"p6\">Quelle: Erstellt mit dem Impressum Generator von AdSimple.<\/p>\n[\/et_pb_text][\/et_pb_column][\/et_pb_row][\/et_pb_section]","_et_gb_content_width":"","inline_featured_image":false,"footnotes":""},"class_list":["post-3702","page","type-page","status-publish","hentry"],"yoast_head":"<!-- This site is optimized with the Yoast SEO plugin v25.2 - https:\/\/yoast.com\/wordpress\/plugins\/seo\/ -->\n<title>Legal Notice - VOMA LEGAL NOTICE<\/title>\n<meta name=\"description\" content=\"Legal Notice VOMA GmbH, Information in accordance with \u00a75 of the E-Commerce Act, \u00a714 of the Unternehmensgesetzbuch, \u00a763 of the Commercial Code and disclosure requirements under \u00a725 of the Media Act.\" \/>\n<meta name=\"robots\" content=\"index, follow, max-snippet:-1, max-image-preview:large, max-video-preview:-1\" \/>\n<link rel=\"canonical\" href=\"https:\/\/voma.io\/en\/impressum\/\" \/>\n<meta property=\"og:locale\" content=\"en_US\" \/>\n<meta property=\"og:type\" content=\"article\" \/>\n<meta property=\"og:title\" content=\"Legal Notice - VOMA LEGAL NOTICE\" \/>\n<meta property=\"og:description\" content=\"Legal Notice VOMA GmbH, Information in accordance with \u00a75 of the E-Commerce Act, \u00a714 of the Unternehmensgesetzbuch, \u00a763 of the Commercial Code and disclosure requirements under \u00a725 of the Media Act.\" \/>\n<meta property=\"og:url\" content=\"https:\/\/voma.io\/impressum\/\" \/>\n<meta property=\"og:site_name\" content=\"VOMA\" \/>\n<meta property=\"article:modified_time\" content=\"2025-11-19T19:03:36+00:00\" \/>\n<meta property=\"og:image\" content=\"https:\/\/voma.io\/wp-content\/uploads\/2021\/05\/cropped-rgb-voma-schwarz-alternative-copy.png\" \/>\n\t<meta property=\"og:image:width\" content=\"512\" \/>\n\t<meta property=\"og:image:height\" content=\"512\" \/>\n\t<meta property=\"og:image:type\" content=\"image\/png\" \/>\n<meta name=\"twitter:card\" content=\"summary_large_image\" \/>\n<meta name=\"twitter:label1\" content=\"Est. reading time\" \/>\n\t<meta name=\"twitter:data1\" content=\"3 minutes\" \/>\n<script type=\"application\/ld+json\" class=\"yoast-schema-graph\">{\"@context\":\"https:\/\/schema.org\",\"@graph\":[{\"@type\":\"WebPage\",\"@id\":\"https:\/\/voma.io\/impressum\/\",\"url\":\"https:\/\/voma.io\/impressum\/\",\"name\":\"Legal Notice - VOMA LEGAL NOTICE\",\"isPartOf\":{\"@id\":\"https:\/\/voma.io\/#website\"},\"datePublished\":\"2021-05-04T14:06:39+00:00\",\"dateModified\":\"2025-11-19T19:03:36+00:00\",\"description\":\"Legal Notice VOMA GmbH, Information in accordance with \u00a75 of the E-Commerce Act, \u00a714 of the Unternehmensgesetzbuch, \u00a763 of the Commercial Code and disclosure requirements under \u00a725 of the Media Act.\",\"breadcrumb\":{\"@id\":\"https:\/\/voma.io\/impressum\/#breadcrumb\"},\"inLanguage\":\"en-US\",\"potentialAction\":[{\"@type\":\"ReadAction\",\"target\":[\"https:\/\/voma.io\/impressum\/\"]}]},{\"@type\":\"BreadcrumbList\",\"@id\":\"https:\/\/voma.io\/impressum\/#breadcrumb\",\"itemListElement\":[{\"@type\":\"ListItem\",\"position\":1,\"name\":\"Home\",\"item\":\"https:\/\/voma.io\/\"},{\"@type\":\"ListItem\",\"position\":2,\"name\":\"Legal Notice\"}]},{\"@type\":\"WebSite\",\"@id\":\"https:\/\/voma.io\/#website\",\"url\":\"https:\/\/voma.io\/\",\"name\":\"VOMA\",\"description\":\"CREATE. PERFORM. TRANSFORM.\",\"publisher\":{\"@id\":\"https:\/\/voma.io\/#organization\"},\"potentialAction\":[{\"@type\":\"SearchAction\",\"target\":{\"@type\":\"EntryPoint\",\"urlTemplate\":\"https:\/\/voma.io\/?s={search_term_string}\"},\"query-input\":{\"@type\":\"PropertyValueSpecification\",\"valueRequired\":true,\"valueName\":\"search_term_string\"}}],\"inLanguage\":\"en-US\"},{\"@type\":\"Organization\",\"@id\":\"https:\/\/voma.io\/#organization\",\"name\":\"Voma GMBH\",\"url\":\"https:\/\/voma.io\/\",\"logo\":{\"@type\":\"ImageObject\",\"inLanguage\":\"en-US\",\"@id\":\"https:\/\/voma.io\/#\/schema\/logo\/image\/\",\"url\":\"https:\/\/voma.io\/wp-content\/uploads\/2021\/03\/logo-1.svg\",\"contentUrl\":\"https:\/\/voma.io\/wp-content\/uploads\/2021\/03\/logo-1.svg\",\"width\":1,\"height\":1,\"caption\":\"Voma GMBH\"},\"image\":{\"@id\":\"https:\/\/voma.io\/#\/schema\/logo\/image\/\"},\"sameAs\":[\"https:\/\/www.linkedin.com\/company\/voma-gmbh\"]}]}<\/script>\n<!-- \/ Yoast SEO plugin. -->","yoast_head_json":{"title":"Legal Notice - VOMA LEGAL NOTICE","description":"Legal Notice VOMA GmbH, Information in accordance with \u00a75 of the E-Commerce Act, \u00a714 of the Unternehmensgesetzbuch, \u00a763 of the Commercial Code and disclosure requirements under \u00a725 of the Media Act.","robots":{"index":"index","follow":"follow","max-snippet":"max-snippet:-1","max-image-preview":"max-image-preview:large","max-video-preview":"max-video-preview:-1"},"canonical":"https:\/\/voma.io\/en\/impressum\/","og_locale":"en_US","og_type":"article","og_title":"Legal Notice - VOMA LEGAL NOTICE","og_description":"Legal Notice VOMA GmbH, Information in accordance with \u00a75 of the E-Commerce Act, \u00a714 of the Unternehmensgesetzbuch, \u00a763 of the Commercial Code and disclosure requirements under \u00a725 of the Media Act.","og_url":"https:\/\/voma.io\/impressum\/","og_site_name":"VOMA","article_modified_time":"2025-11-19T19:03:36+00:00","og_image":[{"width":512,"height":512,"url":"https:\/\/voma.io\/wp-content\/uploads\/2021\/05\/cropped-rgb-voma-schwarz-alternative-copy.png","type":"image\/png"}],"twitter_card":"summary_large_image","twitter_misc":{"Est. reading time":"3 minutes"},"schema":{"@context":"https:\/\/schema.org","@graph":[{"@type":"WebPage","@id":"https:\/\/voma.io\/impressum\/","url":"https:\/\/voma.io\/impressum\/","name":"Legal Notice - VOMA LEGAL NOTICE","isPartOf":{"@id":"https:\/\/voma.io\/#website"},"datePublished":"2021-05-04T14:06:39+00:00","dateModified":"2025-11-19T19:03:36+00:00","description":"Legal Notice VOMA GmbH, Information in accordance with \u00a75 of the E-Commerce Act, \u00a714 of the Unternehmensgesetzbuch, \u00a763 of the Commercial Code and disclosure requirements under \u00a725 of the Media Act.","breadcrumb":{"@id":"https:\/\/voma.io\/impressum\/#breadcrumb"},"inLanguage":"en-US","potentialAction":[{"@type":"ReadAction","target":["https:\/\/voma.io\/impressum\/"]}]},{"@type":"BreadcrumbList","@id":"https:\/\/voma.io\/impressum\/#breadcrumb","itemListElement":[{"@type":"ListItem","position":1,"name":"Home","item":"https:\/\/voma.io\/"},{"@type":"ListItem","position":2,"name":"Legal Notice"}]},{"@type":"WebSite","@id":"https:\/\/voma.io\/#website","url":"https:\/\/voma.io\/","name":"VOMA","description":"CREATE. PERFORM. TRANSFORM.","publisher":{"@id":"https:\/\/voma.io\/#organization"},"potentialAction":[{"@type":"SearchAction","target":{"@type":"EntryPoint","urlTemplate":"https:\/\/voma.io\/?s={search_term_string}"},"query-input":{"@type":"PropertyValueSpecification","valueRequired":true,"valueName":"search_term_string"}}],"inLanguage":"en-US"},{"@type":"Organization","@id":"https:\/\/voma.io\/#organization","name":"Voma GMBH","url":"https:\/\/voma.io\/","logo":{"@type":"ImageObject","inLanguage":"en-US","@id":"https:\/\/voma.io\/#\/schema\/logo\/image\/","url":"https:\/\/voma.io\/wp-content\/uploads\/2021\/03\/logo-1.svg","contentUrl":"https:\/\/voma.io\/wp-content\/uploads\/2021\/03\/logo-1.svg","width":1,"height":1,"caption":"Voma GMBH"},"image":{"@id":"https:\/\/voma.io\/#\/schema\/logo\/image\/"},"sameAs":["https:\/\/www.linkedin.com\/company\/voma-gmbh"]}]}},"_links":{"self":[{"href":"https:\/\/voma.io\/en\/wp-json\/wp\/v2\/pages\/3702"}],"collection":[{"href":"https:\/\/voma.io\/en\/wp-json\/wp\/v2\/pages"}],"about":[{"href":"https:\/\/voma.io\/en\/wp-json\/wp\/v2\/types\/page"}],"author":[{"embeddable":true,"href":"https:\/\/voma.io\/en\/wp-json\/wp\/v2\/users\/1"}],"replies":[{"embeddable":true,"href":"https:\/\/voma.io\/en\/wp-json\/wp\/v2\/comments?post=3702"}],"version-history":[{"count":19,"href":"https:\/\/voma.io\/en\/wp-json\/wp\/v2\/pages\/3702\/revisions"}],"predecessor-version":[{"id":6432,"href":"https:\/\/voma.io\/en\/wp-json\/wp\/v2\/pages\/3702\/revisions\/6432"}],"wp:attachment":[{"href":"https:\/\/voma.io\/en\/wp-json\/wp\/v2\/media?parent=3702"}],"curies":[{"name":"wp","href":"https:\/\/api.w.org\/{rel}","templated":true}]}}